{"id":158,"date":"2022-11-15T07:57:06","date_gmt":"2022-11-15T06:57:06","guid":{"rendered":"https:\/\/nextbike-live.pluspol-networks.de\/tusbic\/right-of-withdrawal\/"},"modified":"2023-07-18T12:40:54","modified_gmt":"2023-07-18T10:40:54","slug":"right-of-withdrawal","status":"publish","type":"page","link":"https:\/\/www.tuebici.es\/fr\/right-of-withdrawal\/","title":{"rendered":"Right of Withdrawal"},"content":{"rendered":"<div class=\"wpb-content-wrapper\"><p>[vc_row][vc_column][vc_column_text]<h1>Information sur le droit de r\u00e9tractation<\/h1>\n<p>Cette information sur le droit de r\u00e9tractation s\u2019applique aux abonnements, et non au tarif de base.<\/p>\n<p><strong>Droit de r\u00e9tractation<\/strong><\/p>\n<p>Vous avez le droit de r\u00e9silier le pr\u00e9sent contrat sans donner de motif dans un d\u00e9lai de quatorze jours.<\/p>\n<p>Le d\u00e9lai de r\u00e9tractation est de quatorze jours \u00e0 compter de la date de conclusion du contrat.<\/p>\n<p>Pour exercer votre droit de r\u00e9tractation, vous devez nous informer (UTE BICIS SANTANDER,CALLE CAMINO DE HORMIGUERAS, NUM 171,\u00a028031 MADRID, <a href=\"mailto:info@tuebici.es\">info@tuebici.es<\/a>) de votre d\u00e9cision de r\u00e9tractation du pr\u00e9sent contrat par une d\u00e9claration sans \u00e9quivoque (par exemple, lettre envoy\u00e9e par la poste, t\u00e9l\u00e9copie ou e-mail). Pour ce faire, vous pouvez utiliser le mod\u00e8le de formulaire de r\u00e9tractation ci-joint, qui n\u2019est toutefois pas obligatoire.<\/p>\n<p>Pour que le d\u00e9lai de r\u00e9tractation soit respect\u00e9, il suffit que vous envoyiez la communication relative \u00e0 l\u2019exercice du droit de r\u00e9tractation avant l\u2019expiration du d\u00e9lai de r\u00e9tractation.<\/p>\n<p><strong>Cons\u00e9quences de la r\u00e9tractation<\/strong><\/p>\n<p>En cas de r\u00e9siliation du pr\u00e9sent contrat, nous vous rembourserons tous les paiements re\u00e7us de votre part, y compris les frais de livraison (\u00e0 l\u2019exception des frais suppl\u00e9mentaires d\u00e9coulant du fait que vous avez choisi un mode de livraison autre que le mode moins co\u00fbteux de livraison standard propos\u00e9 de notre part), sans retard excessif et au plus tard quatorze jours \u00e0 compter de la date \u00e0 laquelle nous avons re\u00e7u la communication de votre d\u00e9cision de r\u00e9tractation du pr\u00e9sent contrat. Pour ce remboursement, nous utilisons le m\u00eame moyen de paiement que celui que vous avez utilis\u00e9 pour la transaction initiale, \u00e0 moins qu\u2019il n\u2019en ait \u00e9t\u00e9 express\u00e9ment convenu autrement avec vous; en aucun cas, des frais ne vous seront factur\u00e9s pour ce remboursement.<\/p>\n<p>Si vous avez demand\u00e9 que les services commencent pendant le d\u00e9lai de r\u00e9tractation, vous devez nous verser un montant raisonnable correspondant \u00e0 la part des services d\u00e9j\u00e0 fournis au moment o\u00f9 vous nous informez de l\u2019exercice du droit de r\u00e9tractation concernant le pr\u00e9sent contrat par rapport \u00e0 l\u2019ensemble des services pr\u00e9vus dans le contrat.<\/p>\n<p>&nbsp;<\/p>\n<a aria-label=\"Ouvre dans un nouvel onglet\" href=\"https:\/\/www.tuebici.es\/wp-content\/uploads\/sites\/73\/2022\/09\/cropped-nb_Favicon.png\" target=\"_blank\" class=\"ppi_withdrawal_download_link\"><strong>  <\/strong><\/a>[\/vc_column_text][\/vc_column][\/vc_row]<\/p>\n<\/div>","protected":false},"excerpt":{"rendered":"<p>[vc_row][vc_column][vc_column_text][\/vc_column_text][\/vc_column][\/vc_row]<\/p>\n","protected":false},"author":5,"featured_media":0,"parent":0,"menu_order":0,"comment_status":"closed","ping_status":"closed","template":"","meta":{"_acf_changed":false,"inline_featured_image":false,"footnotes":""},"class_list":["post-158","page","type-page","status-publish","hentry"],"acf":[],"yoast_head":"<!-- This site is optimized with the Yoast SEO plugin v27.2 - https:\/\/yoast.com\/product\/yoast-seo-wordpress\/ -->\n<title>Right of Withdrawal - TUeBICI<\/title>\n<meta name=\"robots\" content=\"index, follow, max-snippet:-1, max-image-preview:large, max-video-preview:-1\" \/>\n<link rel=\"canonical\" href=\"https:\/\/www.tuebici.es\/fr\/right-of-withdrawal\/\" \/>\n<meta property=\"og:locale\" content=\"fr_FR\" \/>\n<meta property=\"og:type\" content=\"article\" \/>\n<meta property=\"og:title\" content=\"Right of Withdrawal - TUeBICI\" \/>\n<meta property=\"og:description\" content=\"[vc_row][vc_column][vc_column_text][\/vc_column_text][\/vc_column][\/vc_row]\" \/>\n<meta property=\"og:url\" content=\"https:\/\/www.tuebici.es\/fr\/right-of-withdrawal\/\" \/>\n<meta property=\"og:site_name\" content=\"TUeBICI\" \/>\n<meta property=\"article:modified_time\" content=\"2023-07-18T10:40:54+00:00\" \/>\n<meta name=\"twitter:card\" content=\"summary_large_image\" \/>\n<script type=\"application\/ld+json\" class=\"yoast-schema-graph\">{\"@context\":\"https:\/\/schema.org\",\"@graph\":[{\"@type\":\"WebPage\",\"@id\":\"https:\/\/www.tuebici.es\/fr\/right-of-withdrawal\/\",\"url\":\"https:\/\/www.tuebici.es\/fr\/right-of-withdrawal\/\",\"name\":\"Right of Withdrawal - TUeBICI\",\"isPartOf\":{\"@id\":\"https:\/\/www.tuebici.es\/fr\/#website\"},\"datePublished\":\"2022-11-15T06:57:06+00:00\",\"dateModified\":\"2023-07-18T10:40:54+00:00\",\"breadcrumb\":{\"@id\":\"https:\/\/www.tuebici.es\/fr\/right-of-withdrawal\/#breadcrumb\"},\"inLanguage\":\"fr-FR\",\"potentialAction\":[{\"@type\":\"ReadAction\",\"target\":[\"https:\/\/www.tuebici.es\/fr\/right-of-withdrawal\/\"]}]},{\"@type\":\"BreadcrumbList\",\"@id\":\"https:\/\/www.tuebici.es\/fr\/right-of-withdrawal\/#breadcrumb\",\"itemListElement\":[{\"@type\":\"ListItem\",\"position\":1,\"name\":\"Startseite\",\"item\":\"https:\/\/www.tuebici.es\/fr\/\"},{\"@type\":\"ListItem\",\"position\":2,\"name\":\"Right of Withdrawal\"}]},{\"@type\":\"WebSite\",\"@id\":\"https:\/\/www.tuebici.es\/fr\/#website\",\"url\":\"https:\/\/www.tuebici.es\/fr\/\",\"name\":\"TUeBICI\",\"description\":\"Eine weitere Nextbike Websites Website\",\"potentialAction\":[{\"@type\":\"SearchAction\",\"target\":{\"@type\":\"EntryPoint\",\"urlTemplate\":\"https:\/\/www.tuebici.es\/fr\/?s={search_term_string}\"},\"query-input\":{\"@type\":\"PropertyValueSpecification\",\"valueRequired\":true,\"valueName\":\"search_term_string\"}}],\"inLanguage\":\"fr-FR\"}]}<\/script>\n<!-- \/ Yoast SEO plugin. -->","yoast_head_json":{"title":"Right of Withdrawal - TUeBICI","robots":{"index":"index","follow":"follow","max-snippet":"max-snippet:-1","max-image-preview":"max-image-preview:large","max-video-preview":"max-video-preview:-1"},"canonical":"https:\/\/www.tuebici.es\/fr\/right-of-withdrawal\/","og_locale":"fr_FR","og_type":"article","og_title":"Right of Withdrawal - TUeBICI","og_description":"[vc_row][vc_column][vc_column_text][\/vc_column_text][\/vc_column][\/vc_row]","og_url":"https:\/\/www.tuebici.es\/fr\/right-of-withdrawal\/","og_site_name":"TUeBICI","article_modified_time":"2023-07-18T10:40:54+00:00","twitter_card":"summary_large_image","schema":{"@context":"https:\/\/schema.org","@graph":[{"@type":"WebPage","@id":"https:\/\/www.tuebici.es\/fr\/right-of-withdrawal\/","url":"https:\/\/www.tuebici.es\/fr\/right-of-withdrawal\/","name":"Right of Withdrawal - TUeBICI","isPartOf":{"@id":"https:\/\/www.tuebici.es\/fr\/#website"},"datePublished":"2022-11-15T06:57:06+00:00","dateModified":"2023-07-18T10:40:54+00:00","breadcrumb":{"@id":"https:\/\/www.tuebici.es\/fr\/right-of-withdrawal\/#breadcrumb"},"inLanguage":"fr-FR","potentialAction":[{"@type":"ReadAction","target":["https:\/\/www.tuebici.es\/fr\/right-of-withdrawal\/"]}]},{"@type":"BreadcrumbList","@id":"https:\/\/www.tuebici.es\/fr\/right-of-withdrawal\/#breadcrumb","itemListElement":[{"@type":"ListItem","position":1,"name":"Startseite","item":"https:\/\/www.tuebici.es\/fr\/"},{"@type":"ListItem","position":2,"name":"Right of Withdrawal"}]},{"@type":"WebSite","@id":"https:\/\/www.tuebici.es\/fr\/#website","url":"https:\/\/www.tuebici.es\/fr\/","name":"TUeBICI","description":"Eine weitere Nextbike Websites Website","potentialAction":[{"@type":"SearchAction","target":{"@type":"EntryPoint","urlTemplate":"https:\/\/www.tuebici.es\/fr\/?s={search_term_string}"},"query-input":{"@type":"PropertyValueSpecification","valueRequired":true,"valueName":"search_term_string"}}],"inLanguage":"fr-FR"}]}},"_links":{"self":[{"href":"https:\/\/www.tuebici.es\/fr\/wp-json\/wp\/v2\/pages\/158","targetHints":{"allow":["GET"]}}],"collection":[{"href":"https:\/\/www.tuebici.es\/fr\/wp-json\/wp\/v2\/pages"}],"about":[{"href":"https:\/\/www.tuebici.es\/fr\/wp-json\/wp\/v2\/types\/page"}],"author":[{"embeddable":true,"href":"https:\/\/www.tuebici.es\/fr\/wp-json\/wp\/v2\/users\/5"}],"replies":[{"embeddable":true,"href":"https:\/\/www.tuebici.es\/fr\/wp-json\/wp\/v2\/comments?post=158"}],"version-history":[{"count":3,"href":"https:\/\/www.tuebici.es\/fr\/wp-json\/wp\/v2\/pages\/158\/revisions"}],"predecessor-version":[{"id":161,"href":"https:\/\/www.tuebici.es\/fr\/wp-json\/wp\/v2\/pages\/158\/revisions\/161"}],"wp:attachment":[{"href":"https:\/\/www.tuebici.es\/fr\/wp-json\/wp\/v2\/media?parent=158"}],"curies":[{"name":"wp","href":"https:\/\/api.w.org\/{rel}","templated":true}]}}