{"id":134,"date":"2022-08-11T12:13:00","date_gmt":"2022-08-11T10:13:00","guid":{"rendered":"https:\/\/nextbike-live.pluspol-networks.de\/tusbic\/home\/"},"modified":"2023-12-18T16:30:59","modified_gmt":"2023-12-18T15:30:59","slug":"home","status":"publish","type":"page","link":"https:\/\/www.tuebici.es\/fr\/","title":{"rendered":"Home"},"content":{"rendered":"<div class=\"wpb-content-wrapper\"><p>[vc_row ppi_row_padding=\u00a0\u00bbppi_remove_padding_top,ppi_remove_padding_bottom\u00a0\u00bb full_width=\u00a0\u00bbstretch_row_content_no_spaces\u00a0\u00bb el_class=\u00a0\u00bbstage-row\u00a0\u00bb][vc_column]<div class=\"nextbike stage\">\n                    <div class=\"stage__wrapper\">\n                        <div class=\"container\">\n                            <div class=\"stage__content\"><span class=\"h3\">Se d\u00e9placer \u00e0 Santander en bicyclette \u00e9lectrique<\/span><h1>T\u00e9l\u00e9charge l&#039;application et roule avec un TUeBICI<\/h1><div class=\"stage__content__stores\"><a class=\"nb-appstore-btn\" aria-label=\"Apple App Store\" href=\"https:\/\/apps.apple.com\/de\/app\/nextbike\/id504288371\" target=\"_blank\" data-custom-link=\"false\"><img decoding=\"async\" width=\"200px\" height=\"59px\" alt=\"Apple App Store\" src=\"https:\/\/www.tuebici.es\/wp-content\/uploads\/2022\/07\/apple-logo.svg\" \/><\/a><a class=\"nb-appstore-btn\" aria-label=\"Google App Store\" href=\"https:\/\/play.google.com\/store\/apps\/details?id=de.nextbike\" target=\"_blank\" data-custom-link=\"false\"><img decoding=\"async\" width=\"200px\" height=\"59px\" alt=\"Google App Store\" src=\"https:\/\/www.tuebici.es\/wp-content\/uploads\/2022\/07\/google-logo.svg\" \/><\/a><a class=\"nb-appstore-btn\" aria-label=\"Huawei App Store\" href=\"https:\/\/appgallery.huawei.com\/#\/app\/C102537239\" target=\"_blank\" data-custom-link=\"false\"><img decoding=\"async\" width=\"200px\" height=\"59px\" alt=\"Huawei App Store\" src=\"https:\/\/www.tuebici.es\/wp-content\/uploads\/2022\/07\/huawei-logo.svg\" \/><\/a><\/div>\n                            <\/div>\n                        <\/div><div role=\"img\" aria-label=\"Missing alt text\" class=\"stage__parallax parallax-speed5 show-for-md\" style=\"background-image: url(https:\/\/www.tuebici.es\/wp-content\/uploads\/2024\/04\/sun_background_optimized-1.svg)\"><\/div>\n                   <div role=\"img\" aria-label=\"Missing alt text\" class=\"stage__parallax parallax-speed4 show-for-md\" style=\"background-image: url(https:\/\/www.tuebici.es\/wp-content\/uploads\/2023\/03\/City_background.svg)\"><\/div>\n                   <div role=\"img\" aria-label=\"\" class=\"stage__parallax parallax-speed3 show-for-md\" style=\"background-image: url(https:\/\/www.tuebici.es\/wp-content\/uploads\/sites\/73\/2023\/12\/header_LAYER-3.svg)\"><\/div>\n                   <div role=\"img\" aria-label=\"\" class=\"stage__parallax parallax-speed2 show-for-md\" style=\"background-image: url(https:\/\/www.tuebici.es\/wp-content\/uploads\/sites\/73\/2023\/12\/header_LAYER-2.svg)\"><\/div>\n                   <div role=\"img\" aria-label=\"\" class=\"stage__parallax parallax-speed1 show-for-md\" style=\"background-image: url(https:\/\/www.tuebici.es\/wp-content\/uploads\/sites\/73\/2023\/12\/header_LAYER-1.svg)\"><\/div><img decoding=\"async\" class=\"stage__mobile hide-for-md\" src=\"https:\/\/www.tuebici.es\/wp-content\/uploads\/2024\/04\/Mobile_header_static.svg\" alt=\"Missing alt text\" \/><\/div>\n                <\/div>[\/vc_column][\/vc_row][vc_row ppi_row_padding=\u00a0\u00bbppi_remove_padding_top\u00a0\u00bb][vc_column]<div class=\"nextbike mockups\"><div class=\"mockups__item\">\n    <div class=\"mockups__item__container\">\n                <div class=\"mockups__item__image mockups__item__image__left\">\n                        <div class=\"mockups__item__image__img\">\n                <img loading=\"lazy\" decoding=\"async\" width=\"768\" height=\"1026\" src=\"https:\/\/www.tuebici.es\/wp-content\/uploads\/sites\/73\/2023\/12\/links-768x1026.png\" class=\"attachment-nex-sm size-nex-sm\" alt=\"\" srcset=\"https:\/\/www.tuebici.es\/wp-content\/uploads\/sites\/73\/2023\/12\/links-768x1026.png 768w, https:\/\/www.tuebici.es\/wp-content\/uploads\/sites\/73\/2023\/12\/links-225x300.png 225w, https:\/\/www.tuebici.es\/wp-content\/uploads\/sites\/73\/2023\/12\/links-766x1024.png 766w, https:\/\/www.tuebici.es\/wp-content\/uploads\/sites\/73\/2023\/12\/links-992x1326.png 992w, https:\/\/www.tuebici.es\/wp-content\/uploads\/sites\/73\/2023\/12\/links-480x641.png 480w, https:\/\/www.tuebici.es\/wp-content\/uploads\/sites\/73\/2023\/12\/links-105x140.png 105w, https:\/\/www.tuebici.es\/wp-content\/uploads\/sites\/73\/2023\/12\/links-75x100.png 75w, https:\/\/www.tuebici.es\/wp-content\/uploads\/sites\/73\/2023\/12\/links.png 1044w\" sizes=\"auto, (max-width: 768px) 100vw, 768px\" \/>            <\/div>\n                                                            <div class=\"mockups__item__image__bg parallax\">\n                        <img loading=\"lazy\" decoding=\"async\" width=\"1\" height=\"1\" src=\"https:\/\/www.tuebici.es\/wp-content\/uploads\/sites\/73\/2023\/12\/bubble-MAP.svg\" class=\"attachment-nex-md size-nex-md\" alt=\"\" \/>                    <\/div>\n                                    <\/div>\n                        <div class=\"mockups__item__content mockups__item__content__left\">\n                        <h2 class=\"h3 mockups__item__headline\">\n                TUeBICI            <\/h2>\n                                    <p class=\"mockups__item__text\">\n                Le service de v\u00e9los publics TUeBICI permet \u00e0 toute personne de plus de 16 ans de s'inscrire et de louer un v\u00e9lo \u00e9lectrique pour effectuer ses d\u00e9placements urbains.            <\/p>\n                                    <a href=\"#avantages\" target=\"_self\" title=\"Avantages\" class=\"mockups__item__link\" >\n                Avantages            <\/a>\n                    <\/div>\n            <\/div>\n<\/div>\n<div class=\"mockups__item\">\n    <div class=\"mockups__item__container\">\n                <div class=\"mockups__item__image mockups__item__image__right\">\n                        <div class=\"mockups__item__image__img\">\n                <img loading=\"lazy\" decoding=\"async\" width=\"633\" height=\"827\" src=\"https:\/\/www.tuebici.es\/wp-content\/uploads\/2025\/04\/Phone-Mockup-QR-Code-Scanner.png\" class=\"attachment-nex-sm size-nex-sm\" alt=\"\" srcset=\"https:\/\/www.tuebici.es\/wp-content\/uploads\/2025\/04\/Phone-Mockup-QR-Code-Scanner.png 633w, https:\/\/www.tuebici.es\/wp-content\/uploads\/2025\/04\/Phone-Mockup-QR-Code-Scanner-230x300.png 230w, https:\/\/www.tuebici.es\/wp-content\/uploads\/2025\/04\/Phone-Mockup-QR-Code-Scanner-480x627.png 480w, https:\/\/www.tuebici.es\/wp-content\/uploads\/2025\/04\/Phone-Mockup-QR-Code-Scanner-107x140.png 107w, https:\/\/www.tuebici.es\/wp-content\/uploads\/2025\/04\/Phone-Mockup-QR-Code-Scanner-77x100.png 77w\" sizes=\"auto, (max-width: 633px) 100vw, 633px\" \/>            <\/div>\n                                                            <div class=\"mockups__item__image__bg parallax\">\n                        <img loading=\"lazy\" decoding=\"async\" width=\"1\" height=\"1\" src=\"https:\/\/www.tuebici.es\/wp-content\/uploads\/sites\/73\/2023\/12\/bubble-SCAN.svg\" class=\"attachment-nex-md size-nex-md\" alt=\"\" \/>                    <\/div>\n                                    <\/div>\n                        <div class=\"mockups__item__content mockups__item__content__right\">\n                        <h2 class=\"h3 mockups__item__headline\">\n                Location &amp; restitution            <\/h2>\n                                    <p class=\"mockups__item__text\">\n                La location se fait de fa\u00e7on simple et rapide.            <\/p>\n                                    <a href=\"#location\" target=\"_self\" title=\"Infos de location\" class=\"mockups__item__link\" >\n                Infos de location            <\/a>\n                    <\/div>\n            <\/div>\n<\/div>\n<div class=\"mockups__item\">\n    <div class=\"mockups__item__container\">\n                <div class=\"mockups__item__image mockups__item__image__left\">\n                        <div class=\"mockups__item__image__img\">\n                <img loading=\"lazy\" decoding=\"async\" width=\"768\" height=\"1026\" src=\"https:\/\/www.tuebici.es\/wp-content\/uploads\/sites\/73\/2023\/12\/frontal-768x1026.png\" class=\"attachment-nex-sm size-nex-sm\" alt=\"\" srcset=\"https:\/\/www.tuebici.es\/wp-content\/uploads\/sites\/73\/2023\/12\/frontal-768x1026.png 768w, https:\/\/www.tuebici.es\/wp-content\/uploads\/sites\/73\/2023\/12\/frontal-225x300.png 225w, https:\/\/www.tuebici.es\/wp-content\/uploads\/sites\/73\/2023\/12\/frontal-766x1024.png 766w, https:\/\/www.tuebici.es\/wp-content\/uploads\/sites\/73\/2023\/12\/frontal-992x1326.png 992w, https:\/\/www.tuebici.es\/wp-content\/uploads\/sites\/73\/2023\/12\/frontal-480x641.png 480w, https:\/\/www.tuebici.es\/wp-content\/uploads\/sites\/73\/2023\/12\/frontal-105x140.png 105w, https:\/\/www.tuebici.es\/wp-content\/uploads\/sites\/73\/2023\/12\/frontal-75x100.png 75w, https:\/\/www.tuebici.es\/wp-content\/uploads\/sites\/73\/2023\/12\/frontal.png 1044w\" sizes=\"auto, (max-width: 768px) 100vw, 768px\" \/>            <\/div>\n                                                            <div class=\"mockups__item__image__bg parallax\">\n                        <img loading=\"lazy\" decoding=\"async\" width=\"1\" height=\"1\" src=\"https:\/\/www.tuebici.es\/wp-content\/uploads\/sites\/73\/2023\/12\/bubble-APP.svg\" class=\"attachment-nex-md size-nex-md\" alt=\"\" \/>                    <\/div>\n                                    <\/div>\n                        <div class=\"mockups__item__content mockups__item__content__left\">\n                        <h2 class=\"h3 mockups__item__headline\">\n                Accessible et durable            <\/h2>\n                                    <p class=\"mockups__item__text\">\n                Trouvez l'abonnement qui vous convient le mieux.            <\/p>\n                                    <a href=\"#tarifs\" target=\"_self\" title=\" Nos tarifs\" class=\"mockups__item__link\" >\n                 Nos tarifs            <\/a>\n                    <\/div>\n            <\/div>\n<\/div>\n<\/div>[\/vc_column][\/vc_row][vc_row ppi_row_type=\u00a0\u00bbppi_bg_grey\u00a0\u00bb full_width=\u00a0\u00bbstretch_row\u00a0\u00bb el_id=\u00a0\u00bblocation\u00a0\u00bb][vc_column]<div class=\"nextbike how-its-done\">\n    <h2>Comment \u00e7a marche<\/h2>\n\n\n\n<div class=\"how-its-done__container\">\n                        <div class=\"how-its-done__ctab how-its-done__ctab__tab1 how-its-done__ctab__current\" data-ctab=\"tab1\">\n                <div class=\"how-its-done__image\">\n                    <img loading=\"lazy\" decoding=\"async\" width=\"1\" height=\"1\" src=\"https:\/\/www.tuebici.es\/wp-content\/uploads\/sites\/73\/2023\/12\/Framelock.svg\" class=\"attachment-nex-md size-nex-md\" alt=\"\" \/>                <\/div>\n                <div class=\"how-its-done__content\">\n                                            <h3 class=\"h5\">INSCRIPTION<\/h3>\n                                                                <p>L'inscription est gratuite. Pour v\u00e9rifier votre compte, on vous demande 1&nbsp;\u20ac. Vous le r\u00e9cup\u00e9rerez plus tard sous forme de cr\u00e9dit.<\/p>\n                                                                <h3 class=\"h5\">LOCATION<\/h3>\n                                                                <p>Scannez le code QR derri\u00e8re le v\u00e9lo avec l'application nextbike. Le cadenas s'ouvrira automatiquement.<\/p>\n                                                                <h3 class=\"h5\">METTRE EN PAUSE LE TRAJET<\/h3>\n                                                                <p>Vous pouvez arr\u00eater votre location sans la mettre fin. S\u00e9lectionnez \u00ab Mettre en pause le trajet\u00bb dans l'application et verrouillez le cadre.<\/p>\n                                                                <h3 class=\"h5\">RETOUR<\/h3>\n                                                                <p>Restitue le v\u00e9lo dans une station officielle et verrouille le cadenas de cadre. Pour les retours en dehors de zones autoris\u00e9es, des frais de service peuvent s'appliquer.<\/p>\n                                    <\/div>\n            <\/div>\n                                                            <\/div>\n<\/div>[\/vc_column][\/vc_row][vc_row el_id=\u00a0\u00bbtarifs\u00a0\u00bb][vc_column]<div class=\"nextbike tariffs\"><h2>Nos tarifs<\/h2><div class=\"tariffs__text\"><p>La dur\u00e9e maximale de chaque location sera de 2 heures. Il n&rsquo;y a pas de limite maximale pour les locations quotidiennes. Entre deux utilisations cons\u00e9cutives, une p\u00e9riode de 10 minutes doit s&rsquo;\u00e9couler, pendant laquelle l&rsquo;utilisateur ne pourra effectuer une location dans aucune station du syst\u00e8me.<\/p>\n<\/p><\/div><div class=\"tariffs__tabs \"><a role=\"button\" href=\"#\" class=\"tariffs__tab tariffs__tab__current\" data-tab=\"Tarif de base\">Tarif de base<\/a><a role=\"button\" href=\"#\" class=\"tariffs__tab \" data-tab=\"Abonnements\">Abonnements<\/a><\/div><div class=\"tariffs__contents\"><div class=\"tariffs__content  tariffs__content__current\" data-content=\"Tarif de base\"><div class=\"tariffs__content__card\">\n    <span class=\"h5\" role=\"heading\">POUR LES UTILISATEURS OCCASIONNELS<\/span>\n    <h3 class=\"h2\">Tarif de base<\/h3>\n    <h4 class=\"h3\">1.30 \u20ac\/ 30 min<\/h4>\n    <p><p>1.60 \u20ac \/ minute 31&prime; <em><strong>\u2013<\/strong><\/em> 60&prime;<\/p>\n<p>1.90 \u20ac \/ toutes les 30 minutes suppl\u00e9mentaires<\/p>\n<\/p>\n<\/div>\n<\/div><div class=\"tariffs__content  \" data-content=\"Abonnements\"><div class=\"tariffs__content__card\">\n    <span class=\"h5\" role=\"heading\">POUR LES GRANDS CONDUCTEURS<\/span>\n    <h3 class=\"h2\">Mensuel<\/h3>\n    <h4 class=\"h3\">7 \u20ac \/ mois<\/h4>\n    <p><p>0.32 \u20ac \/ 30 premi\u00e8res minutes<\/p>\n<p>0.65 \u20ac \/ minute 31&prime; \u2013 60&prime;<\/p>\n<p>1 \u20ac \/ toutes les 30 minutes suppl\u00e9mentaires<\/p>\n<\/p>\n<\/div>\n<div class=\"tariffs__content__card\">\n    <span class=\"h5\" role=\"heading\">pour les vrais passionn\u00e9s<\/span>\n    <h3 class=\"h2\">Annuel<\/h3>\n    <h4 class=\"h3\">36 \u20ac \/ an<\/h4>\n    <p><p>0.32 \u20ac \/ 30 premi\u00e8res minutes<\/p>\n<p>0.65 \u20ac \/ minute 31&prime; \u2013 60&prime;<\/p>\n<p>1 \u20ac \/ toutes les 30 minutes suppl\u00e9mentaires<\/p>\n<\/p>\n<\/div>\n<\/div><\/div><\/div>[\/vc_column][\/vc_row][vc_row full_width=\u00a0\u00bbstretch_row_content_no_spaces\u00a0\u00bb disable_element=\u00a0\u00bbyes\u00a0\u00bb][vc_column]<div class=\"nextbike cites\"><div class=\"container\"><p>Ce que disent les autres usagers<\/p><p>\u2014<\/p><div class=\"cites__container cites-slider\"><div class=\"cites__slide\">\n    <div class=\"cites__slide__cite\">FR: Funktioniert wunderbar. Fahrtpausen sind auch kein Problem. Habe ich bei anderen Anbietern schon anders erlebt. \ud83d\udc4d\n<\/div>\n    <div class=\"cites__slide__author\">\n        <div class=\"cites__slide__author__name\">Johannes<\/div>\n        <div class=\"cites__slide__author__platform\">FR: Android Nutzer<\/div>\n    <\/div>\n<\/div>\n<div class=\"cites__slide\">\n    <div class=\"cites__slide__cite\">FR: Hab die App f\u00fcr mich entdeckt als ich f\u00fcrs Studium vom Land in die Stadt gezogen bin und mein Fahrrad nicht mitnehmen konnte. FR: Es ist einfach schnell und unkompliziert, noch besser als ich dachte. FR: Geile Idee!<\/div>\n    <div class=\"cites__slide__author\">\n        <div class=\"cites__slide__author__name\">Kimmy<\/div>\n        <div class=\"cites__slide__author__platform\">FR: iOS Nutzerin<\/div>\n    <\/div>\n<\/div>\n<div class=\"cites__slide\">\n    <div class=\"cites__slide__cite\">FR: Funktioniert hier in Innsbruck perfekt! FR: \ud83d\udc4c\ud83c\udffb\ud83d\udc4d\ud83c\udffb Bin sowas von zufrieden. FR: Auch mein Fehler bei der R\u00fcckgabe (Stammkunde) wurde ohne gro\u00dfe Diskussion soeben richtig gestellt. FR: Sehr freundlicher Kundenservice - Preis super - Alles Top - weiter so und vielen Dank!<\/div>\n    <div class=\"cites__slide__author\">\n        <div class=\"cites__slide__author__name\">Renate<\/div>\n        <div class=\"cites__slide__author__platform\">FR: Android Nutzerin<\/div>\n    <\/div>\n<\/div>\n<div class=\"cites__slide\">\n    <div class=\"cites__slide__cite\">FR: Die ungebundene Mobilit\u00e4t in der Stadt ist spitze. FR: Somit hat man immer einen Anschluss an die Bahn oder Bus f\u00fcr die letzten Meter.<\/div>\n    <div class=\"cites__slide__author\">\n        <div class=\"cites__slide__author__name\">Tim<\/div>\n        <div class=\"cites__slide__author__platform\">FR: iOS Nutzer<\/div>\n    <\/div>\n<\/div>\n<\/div>\n                                <\/div>\n                            <\/div>[\/vc_column][\/vc_row][vc_row ppi_row_padding=\u00a0\u00bbppi_remove_padding_bottom\u00a0\u00bb full_width=\u00a0\u00bbstretch_row_content_no_spaces\u00a0\u00bb el_id=\u00a0\u00bbavantages\u00a0\u00bb][vc_column]<div class=\"nextbike slider\">\n            <div class=\"slider__black\">\n            <h2 class=\"h1\">D\u00e9couvre Santander \u00e0 v\u00e9lo \u00e9lectrique<\/h2>\n        <\/div>\n        <div class=\"full-width-slider\">\n                        <div class=\"slider__slide center\">\n                    <img loading=\"lazy\" decoding=\"async\" width=\"1920\" height=\"1280\" src=\"https:\/\/www.tuebici.es\/wp-content\/uploads\/sites\/73\/2023\/12\/e_smartbike_2.0_Bruna_tuebici_web2-1920x1280.jpg\" class=\"attachment-nex-max size-nex-max wp-post-image\" alt=\"\" srcset=\"https:\/\/www.tuebici.es\/wp-content\/uploads\/sites\/73\/2023\/12\/e_smartbike_2.0_Bruna_tuebici_web2-1920x1280.jpg 1920w, https:\/\/www.tuebici.es\/wp-content\/uploads\/sites\/73\/2023\/12\/e_smartbike_2.0_Bruna_tuebici_web2-300x200.jpg 300w, https:\/\/www.tuebici.es\/wp-content\/uploads\/sites\/73\/2023\/12\/e_smartbike_2.0_Bruna_tuebici_web2-1024x683.jpg 1024w, https:\/\/www.tuebici.es\/wp-content\/uploads\/sites\/73\/2023\/12\/e_smartbike_2.0_Bruna_tuebici_web2-768x512.jpg 768w, https:\/\/www.tuebici.es\/wp-content\/uploads\/sites\/73\/2023\/12\/e_smartbike_2.0_Bruna_tuebici_web2-1200x800.jpg 1200w, https:\/\/www.tuebici.es\/wp-content\/uploads\/sites\/73\/2023\/12\/e_smartbike_2.0_Bruna_tuebici_web2-992x661.jpg 992w, https:\/\/www.tuebici.es\/wp-content\/uploads\/sites\/73\/2023\/12\/e_smartbike_2.0_Bruna_tuebici_web2-480x320.jpg 480w, https:\/\/www.tuebici.es\/wp-content\/uploads\/sites\/73\/2023\/12\/e_smartbike_2.0_Bruna_tuebici_web2-210x140.jpg 210w, https:\/\/www.tuebici.es\/wp-content\/uploads\/sites\/73\/2023\/12\/e_smartbike_2.0_Bruna_tuebici_web2-150x100.jpg 150w\" sizes=\"auto, (max-width: 1920px) 100vw, 1920px\" \/>                                            <div class=\"slider__slide__overlay\" style=\"background-color: rgba(10,10,10,0.29);\"><\/div>\n                                        <div class=\"slider__slide__inner container\">\n                        <h3 class=\"h2\">D\u00e9place-toi avec TUeBICI<\/h3>                        <h4 class=\"h3\">Fais la navette de mani\u00e8re durable et abordable !<\/h4>                                            <\/div>\n                <\/div>\n                <\/div>\n<\/div>\n[\/vc_column][\/vc_row]<\/p>\n<\/div>","protected":false},"excerpt":{"rendered":"<p>[vc_row ppi_row_padding=\u00a0\u00bbppi_remove_padding_top,ppi_remove_padding_bottom\u00a0\u00bb full_width=\u00a0\u00bbstretch_row_content_no_spaces\u00a0\u00bb el_class=\u00a0\u00bbstage-row\u00a0\u00bb][vc_column][\/vc_column][\/vc_row][vc_row ppi_row_padding=\u00a0\u00bbppi_remove_padding_top\u00a0\u00bb][vc_column][\/vc_column][\/vc_row][vc_row ppi_row_type=\u00a0\u00bbppi_bg_grey\u00a0\u00bb full_width=\u00a0\u00bbstretch_row\u00a0\u00bb el_id=\u00a0\u00bblocation\u00a0\u00bb][vc_column][\/vc_column][\/vc_row][vc_row el_id=\u00a0\u00bbtarifs\u00a0\u00bb][vc_column][\/vc_column][\/vc_row][vc_row full_width=\u00a0\u00bbstretch_row_content_no_spaces\u00a0\u00bb disable_element=\u00a0\u00bbyes\u00a0\u00bb][vc_column][\/vc_column][\/vc_row][vc_row ppi_row_padding=\u00a0\u00bbppi_remove_padding_bottom\u00a0\u00bb full_width=\u00a0\u00bbstretch_row_content_no_spaces\u00a0\u00bb el_id=\u00a0\u00bbavantages\u00a0\u00bb][vc_column][\/vc_column][\/vc_row]<\/p>\n","protected":false},"author":5,"featured_media":0,"parent":0,"menu_order":0,"comment_status":"closed","ping_status":"closed","template":"","meta":{"_acf_changed":false,"inline_featured_image":false,"footnotes":""},"class_list":["post-134","page","type-page","status-publish","hentry"],"acf":[],"yoast_head":"<!-- This site is optimized with the Yoast SEO plugin v27.2 - https:\/\/yoast.com\/product\/yoast-seo-wordpress\/ -->\n<title>Partage de v\u00e9los \u00e9lectriques \u00e0 Santander | TUeBICI<\/title>\n<meta name=\"description\" content=\"Partage facile des v\u00e9los, que ce soit pour 30 minutes ou pour une journ\u00e9e enti\u00e8re. Le prochain v\u00e9lo est juste au coin de la rue. Inscris-toi maintenant.\" \/>\n<meta name=\"robots\" content=\"index, follow, max-snippet:-1, max-image-preview:large, max-video-preview:-1\" \/>\n<link rel=\"canonical\" href=\"https:\/\/www.tuebici.es\/fr\/\" \/>\n<meta property=\"og:locale\" content=\"fr_FR\" \/>\n<meta property=\"og:type\" content=\"article\" \/>\n<meta property=\"og:title\" content=\"Partage de v\u00e9los \u00e9lectriques \u00e0 Santander | TUeBICI\" \/>\n<meta property=\"og:description\" content=\"Partage facile des v\u00e9los, que ce soit pour 30 minutes ou pour une journ\u00e9e enti\u00e8re. Le prochain v\u00e9lo est juste au coin de la rue. Inscris-toi maintenant.\" \/>\n<meta property=\"og:url\" content=\"https:\/\/www.tuebici.es\/fr\/\" \/>\n<meta property=\"og:site_name\" content=\"TUeBICI\" \/>\n<meta property=\"article:modified_time\" content=\"2023-12-18T15:30:59+00:00\" \/>\n<meta name=\"twitter:card\" content=\"summary_large_image\" \/>\n<meta name=\"twitter:label1\" content=\"Dur\u00e9e de lecture estim\u00e9e\" \/>\n\t<meta name=\"twitter:data1\" content=\"1 minute\" \/>\n<script type=\"application\/ld+json\" class=\"yoast-schema-graph\">{\"@context\":\"https:\/\/schema.org\",\"@graph\":[{\"@type\":\"WebPage\",\"@id\":\"https:\/\/www.tuebici.es\/fr\/\",\"url\":\"https:\/\/www.tuebici.es\/fr\/\",\"name\":\"Partage de v\u00e9los \u00e9lectriques \u00e0 Santander | TUeBICI\",\"isPartOf\":{\"@id\":\"https:\/\/www.tuebici.es\/fr\/#website\"},\"datePublished\":\"2022-08-11T10:13:00+00:00\",\"dateModified\":\"2023-12-18T15:30:59+00:00\",\"description\":\"Partage facile des v\u00e9los, que ce soit pour 30 minutes ou pour une journ\u00e9e enti\u00e8re. Le prochain v\u00e9lo est juste au coin de la rue. Inscris-toi maintenant.\",\"breadcrumb\":{\"@id\":\"https:\/\/www.tuebici.es\/fr\/#breadcrumb\"},\"inLanguage\":\"fr-FR\",\"potentialAction\":[{\"@type\":\"ReadAction\",\"target\":[\"https:\/\/www.tuebici.es\/fr\/\"]}]},{\"@type\":\"BreadcrumbList\",\"@id\":\"https:\/\/www.tuebici.es\/fr\/#breadcrumb\",\"itemListElement\":[{\"@type\":\"ListItem\",\"position\":1,\"name\":\"Startseite\",\"item\":\"https:\/\/www.tuebici.es\/fr\/\"},{\"@type\":\"ListItem\",\"position\":2,\"name\":\"Home\"}]},{\"@type\":\"WebSite\",\"@id\":\"https:\/\/www.tuebici.es\/fr\/#website\",\"url\":\"https:\/\/www.tuebici.es\/fr\/\",\"name\":\"TUeBICI\",\"description\":\"Eine weitere Nextbike Websites Website\",\"potentialAction\":[{\"@type\":\"SearchAction\",\"target\":{\"@type\":\"EntryPoint\",\"urlTemplate\":\"https:\/\/www.tuebici.es\/fr\/?s={search_term_string}\"},\"query-input\":{\"@type\":\"PropertyValueSpecification\",\"valueRequired\":true,\"valueName\":\"search_term_string\"}}],\"inLanguage\":\"fr-FR\"}]}<\/script>\n<!-- \/ Yoast SEO plugin. -->","yoast_head_json":{"title":"Partage de v\u00e9los \u00e9lectriques \u00e0 Santander | TUeBICI","description":"Partage facile des v\u00e9los, que ce soit pour 30 minutes ou pour une journ\u00e9e enti\u00e8re. Le prochain v\u00e9lo est juste au coin de la rue. Inscris-toi maintenant.","robots":{"index":"index","follow":"follow","max-snippet":"max-snippet:-1","max-image-preview":"max-image-preview:large","max-video-preview":"max-video-preview:-1"},"canonical":"https:\/\/www.tuebici.es\/fr\/","og_locale":"fr_FR","og_type":"article","og_title":"Partage de v\u00e9los \u00e9lectriques \u00e0 Santander | TUeBICI","og_description":"Partage facile des v\u00e9los, que ce soit pour 30 minutes ou pour une journ\u00e9e enti\u00e8re. Le prochain v\u00e9lo est juste au coin de la rue. Inscris-toi maintenant.","og_url":"https:\/\/www.tuebici.es\/fr\/","og_site_name":"TUeBICI","article_modified_time":"2023-12-18T15:30:59+00:00","twitter_card":"summary_large_image","twitter_misc":{"Dur\u00e9e de lecture estim\u00e9e":"1 minute"},"schema":{"@context":"https:\/\/schema.org","@graph":[{"@type":"WebPage","@id":"https:\/\/www.tuebici.es\/fr\/","url":"https:\/\/www.tuebici.es\/fr\/","name":"Partage de v\u00e9los \u00e9lectriques \u00e0 Santander | TUeBICI","isPartOf":{"@id":"https:\/\/www.tuebici.es\/fr\/#website"},"datePublished":"2022-08-11T10:13:00+00:00","dateModified":"2023-12-18T15:30:59+00:00","description":"Partage facile des v\u00e9los, que ce soit pour 30 minutes ou pour une journ\u00e9e enti\u00e8re. Le prochain v\u00e9lo est juste au coin de la rue. Inscris-toi maintenant.","breadcrumb":{"@id":"https:\/\/www.tuebici.es\/fr\/#breadcrumb"},"inLanguage":"fr-FR","potentialAction":[{"@type":"ReadAction","target":["https:\/\/www.tuebici.es\/fr\/"]}]},{"@type":"BreadcrumbList","@id":"https:\/\/www.tuebici.es\/fr\/#breadcrumb","itemListElement":[{"@type":"ListItem","position":1,"name":"Startseite","item":"https:\/\/www.tuebici.es\/fr\/"},{"@type":"ListItem","position":2,"name":"Home"}]},{"@type":"WebSite","@id":"https:\/\/www.tuebici.es\/fr\/#website","url":"https:\/\/www.tuebici.es\/fr\/","name":"TUeBICI","description":"Eine weitere Nextbike Websites Website","potentialAction":[{"@type":"SearchAction","target":{"@type":"EntryPoint","urlTemplate":"https:\/\/www.tuebici.es\/fr\/?s={search_term_string}"},"query-input":{"@type":"PropertyValueSpecification","valueRequired":true,"valueName":"search_term_string"}}],"inLanguage":"fr-FR"}]}},"_links":{"self":[{"href":"https:\/\/www.tuebici.es\/fr\/wp-json\/wp\/v2\/pages\/134","targetHints":{"allow":["GET"]}}],"collection":[{"href":"https:\/\/www.tuebici.es\/fr\/wp-json\/wp\/v2\/pages"}],"about":[{"href":"https:\/\/www.tuebici.es\/fr\/wp-json\/wp\/v2\/types\/page"}],"author":[{"embeddable":true,"href":"https:\/\/www.tuebici.es\/fr\/wp-json\/wp\/v2\/users\/5"}],"replies":[{"embeddable":true,"href":"https:\/\/www.tuebici.es\/fr\/wp-json\/wp\/v2\/comments?post=134"}],"version-history":[{"count":7,"href":"https:\/\/www.tuebici.es\/fr\/wp-json\/wp\/v2\/pages\/134\/revisions"}],"predecessor-version":[{"id":450,"href":"https:\/\/www.tuebici.es\/fr\/wp-json\/wp\/v2\/pages\/134\/revisions\/450"}],"wp:attachment":[{"href":"https:\/\/www.tuebici.es\/fr\/wp-json\/wp\/v2\/media?parent=134"}],"curies":[{"name":"wp","href":"https:\/\/api.w.org\/{rel}","templated":true}]}}