{"id":489,"date":"2024-01-25T10:24:35","date_gmt":"2024-01-25T09:24:35","guid":{"rendered":"https:\/\/www.tuebici.es\/?page_id=489"},"modified":"2024-06-24T10:48:59","modified_gmt":"2024-06-24T08:48:59","slug":"registro-y-confirmacion-para-menores","status":"publish","type":"page","link":"https:\/\/www.tuebici.es\/es\/registro-y-confirmacion-para-menores\/","title":{"rendered":"Registro y confirmaci\u00f3n para menores"},"content":{"rendered":"<h1>Registro y confirmaci\u00f3n para menores<\/h1>\n<h4>Los mayores de 16 a\u00f1os pueden utilizar las bicicletas TUeBICI. Sin embargo, se requiere un formulario de confirmaci\u00f3n de un representante legal o de uno de tus padres.<\/h4>\n<p>&nbsp;<\/p>\n<p><strong>As\u00ed es como funciona:<\/strong><\/p>\n<ol>\n<li>Descarga el\u00a0<strong><a href=\"https:\/\/www.tuebici.es\/wp-content\/uploads\/sites\/73\/2024\/06\/AUTORIZACION-PARA-EL-ALTA-MENOR-DE-EDAD.pdf\">formulario<\/a><\/strong> de confirmaci\u00f3n TUeBICI.<\/li>\n<li>Imprime el formulario y p\u00eddele a uno de tus padres o a tu representante legal que lo firme. Esto confirmar\u00e1 los t\u00e9rminos y condiciones de TUeBICI.<\/li>\n<li>A continuaci\u00f3n, env\u00eda por correo electr\u00f3nico el formulario de confirmaci\u00f3n junto con una copia del documento de identificaci\u00f3n del representante legal o padre (por ejemplo, DNI) a\u00a0<a href=\"mailto:info@tuebici.es\">info@tuebici.es<\/a>.<\/li>\n<li>Un empleado crear\u00e1 tu cuenta y validar\u00e1 el formulario de autorizaci\u00f3n.<\/li>\n<li>Recibir\u00e1s por SMS en tu tel\u00e9fono m\u00f3vil el PIN de acceso de 6 d\u00edgitos para tu cuenta de cliente.<\/li>\n<li>Ahora debes verificar tu cuenta con la ayuda de un representante legal antes de que se active. Para ello, accede a tu cuenta de cliente a trav\u00e9s del sitio web\u00a0<a href=\"https:\/\/www.tuebici.es\/es\/\">www.tuebici.es<\/a>\u00a0o de la app y guarda una tarjeta de cr\u00e9dito de uno de sus padres o de su representante legal como medio de pago.<\/li>\n<li>Tras verificar tu cuenta, la activaremos y podr\u00e1s empezar a utilizar el servicio.<\/li>\n<\/ol>\n","protected":false},"excerpt":{"rendered":"<p>Registro y confirmaci\u00f3n para menores Los mayores de 16 a\u00f1os pueden utilizar las bicicletas TUeBICI. Sin embargo, se requiere un formulario de confirmaci\u00f3n de un representante legal o de uno de tus padres. &nbsp; As\u00ed es como funciona: Descarga el\u00a0formulario de confirmaci\u00f3n TUeBICI. Imprime el formulario y p\u00eddele a uno de tus padres o a [&hellip;]<\/p>\n","protected":false},"author":13,"featured_media":0,"parent":0,"menu_order":0,"comment_status":"closed","ping_status":"closed","template":"page-bubble.php","meta":{"_acf_changed":false,"inline_featured_image":false,"footnotes":""},"class_list":["post-489","page","type-page","status-publish","hentry"],"acf":[],"yoast_head":"<!-- This site is optimized with the Yoast SEO plugin v27.2 - https:\/\/yoast.com\/product\/yoast-seo-wordpress\/ -->\n<title>Registro y confirmaci\u00f3n para menores - TUeBICI<\/title>\n<meta name=\"robots\" content=\"index, follow, max-snippet:-1, max-image-preview:large, max-video-preview:-1\" \/>\n<link rel=\"canonical\" href=\"https:\/\/www.tuebici.es\/es\/registro-y-confirmacion-para-menores\/\" \/>\n<meta property=\"og:locale\" content=\"es_ES\" \/>\n<meta property=\"og:type\" content=\"article\" \/>\n<meta property=\"og:title\" content=\"Registro y confirmaci\u00f3n para menores - TUeBICI\" \/>\n<meta property=\"og:description\" content=\"Registro y confirmaci\u00f3n para menores Los mayores de 16 a\u00f1os pueden utilizar las bicicletas TUeBICI. Sin embargo, se requiere un formulario de confirmaci\u00f3n de un representante legal o de uno de tus padres. &nbsp; As\u00ed es como funciona: Descarga el\u00a0formulario de confirmaci\u00f3n TUeBICI. Imprime el formulario y p\u00eddele a uno de tus padres o a [&hellip;]\" \/>\n<meta property=\"og:url\" content=\"https:\/\/www.tuebici.es\/es\/registro-y-confirmacion-para-menores\/\" \/>\n<meta property=\"og:site_name\" content=\"TUeBICI\" \/>\n<meta property=\"article:modified_time\" content=\"2024-06-24T08:48:59+00:00\" \/>\n<meta name=\"twitter:card\" content=\"summary_large_image\" \/>\n<meta name=\"twitter:label1\" content=\"Tiempo de lectura\" \/>\n\t<meta name=\"twitter:data1\" content=\"1 minuto\" \/>\n<script type=\"application\/ld+json\" class=\"yoast-schema-graph\">{\"@context\":\"https:\/\/schema.org\",\"@graph\":[{\"@type\":\"WebPage\",\"@id\":\"https:\/\/www.tuebici.es\/es\/registro-y-confirmacion-para-menores\/\",\"url\":\"https:\/\/www.tuebici.es\/es\/registro-y-confirmacion-para-menores\/\",\"name\":\"Registro y confirmaci\u00f3n para menores - TUeBICI\",\"isPartOf\":{\"@id\":\"https:\/\/www.tuebici.es\/es\/#website\"},\"datePublished\":\"2024-01-25T09:24:35+00:00\",\"dateModified\":\"2024-06-24T08:48:59+00:00\",\"breadcrumb\":{\"@id\":\"https:\/\/www.tuebici.es\/es\/registro-y-confirmacion-para-menores\/#breadcrumb\"},\"inLanguage\":\"es\",\"potentialAction\":[{\"@type\":\"ReadAction\",\"target\":[\"https:\/\/www.tuebici.es\/es\/registro-y-confirmacion-para-menores\/\"]}]},{\"@type\":\"BreadcrumbList\",\"@id\":\"https:\/\/www.tuebici.es\/es\/registro-y-confirmacion-para-menores\/#breadcrumb\",\"itemListElement\":[{\"@type\":\"ListItem\",\"position\":1,\"name\":\"Startseite\",\"item\":\"https:\/\/www.tuebici.es\/es\/\"},{\"@type\":\"ListItem\",\"position\":2,\"name\":\"Registro y confirmaci\u00f3n para menores\"}]},{\"@type\":\"WebSite\",\"@id\":\"https:\/\/www.tuebici.es\/es\/#website\",\"url\":\"https:\/\/www.tuebici.es\/es\/\",\"name\":\"TUeBICI\",\"description\":\"Eine weitere Nextbike Websites Website\",\"potentialAction\":[{\"@type\":\"SearchAction\",\"target\":{\"@type\":\"EntryPoint\",\"urlTemplate\":\"https:\/\/www.tuebici.es\/es\/?s={search_term_string}\"},\"query-input\":{\"@type\":\"PropertyValueSpecification\",\"valueRequired\":true,\"valueName\":\"search_term_string\"}}],\"inLanguage\":\"es\"}]}<\/script>\n<!-- \/ Yoast SEO plugin. -->","yoast_head_json":{"title":"Registro y confirmaci\u00f3n para menores - TUeBICI","robots":{"index":"index","follow":"follow","max-snippet":"max-snippet:-1","max-image-preview":"max-image-preview:large","max-video-preview":"max-video-preview:-1"},"canonical":"https:\/\/www.tuebici.es\/es\/registro-y-confirmacion-para-menores\/","og_locale":"es_ES","og_type":"article","og_title":"Registro y confirmaci\u00f3n para menores - TUeBICI","og_description":"Registro y confirmaci\u00f3n para menores Los mayores de 16 a\u00f1os pueden utilizar las bicicletas TUeBICI. Sin embargo, se requiere un formulario de confirmaci\u00f3n de un representante legal o de uno de tus padres. &nbsp; As\u00ed es como funciona: Descarga el\u00a0formulario de confirmaci\u00f3n TUeBICI. Imprime el formulario y p\u00eddele a uno de tus padres o a [&hellip;]","og_url":"https:\/\/www.tuebici.es\/es\/registro-y-confirmacion-para-menores\/","og_site_name":"TUeBICI","article_modified_time":"2024-06-24T08:48:59+00:00","twitter_card":"summary_large_image","twitter_misc":{"Tiempo de lectura":"1 minuto"},"schema":{"@context":"https:\/\/schema.org","@graph":[{"@type":"WebPage","@id":"https:\/\/www.tuebici.es\/es\/registro-y-confirmacion-para-menores\/","url":"https:\/\/www.tuebici.es\/es\/registro-y-confirmacion-para-menores\/","name":"Registro y confirmaci\u00f3n para menores - TUeBICI","isPartOf":{"@id":"https:\/\/www.tuebici.es\/es\/#website"},"datePublished":"2024-01-25T09:24:35+00:00","dateModified":"2024-06-24T08:48:59+00:00","breadcrumb":{"@id":"https:\/\/www.tuebici.es\/es\/registro-y-confirmacion-para-menores\/#breadcrumb"},"inLanguage":"es","potentialAction":[{"@type":"ReadAction","target":["https:\/\/www.tuebici.es\/es\/registro-y-confirmacion-para-menores\/"]}]},{"@type":"BreadcrumbList","@id":"https:\/\/www.tuebici.es\/es\/registro-y-confirmacion-para-menores\/#breadcrumb","itemListElement":[{"@type":"ListItem","position":1,"name":"Startseite","item":"https:\/\/www.tuebici.es\/es\/"},{"@type":"ListItem","position":2,"name":"Registro y confirmaci\u00f3n para menores"}]},{"@type":"WebSite","@id":"https:\/\/www.tuebici.es\/es\/#website","url":"https:\/\/www.tuebici.es\/es\/","name":"TUeBICI","description":"Eine weitere Nextbike Websites Website","potentialAction":[{"@type":"SearchAction","target":{"@type":"EntryPoint","urlTemplate":"https:\/\/www.tuebici.es\/es\/?s={search_term_string}"},"query-input":{"@type":"PropertyValueSpecification","valueRequired":true,"valueName":"search_term_string"}}],"inLanguage":"es"}]}},"_links":{"self":[{"href":"https:\/\/www.tuebici.es\/es\/wp-json\/wp\/v2\/pages\/489","targetHints":{"allow":["GET"]}}],"collection":[{"href":"https:\/\/www.tuebici.es\/es\/wp-json\/wp\/v2\/pages"}],"about":[{"href":"https:\/\/www.tuebici.es\/es\/wp-json\/wp\/v2\/types\/page"}],"author":[{"embeddable":true,"href":"https:\/\/www.tuebici.es\/es\/wp-json\/wp\/v2\/users\/13"}],"replies":[{"embeddable":true,"href":"https:\/\/www.tuebici.es\/es\/wp-json\/wp\/v2\/comments?post=489"}],"version-history":[{"count":5,"href":"https:\/\/www.tuebici.es\/es\/wp-json\/wp\/v2\/pages\/489\/revisions"}],"predecessor-version":[{"id":518,"href":"https:\/\/www.tuebici.es\/es\/wp-json\/wp\/v2\/pages\/489\/revisions\/518"}],"wp:attachment":[{"href":"https:\/\/www.tuebici.es\/es\/wp-json\/wp\/v2\/media?parent=489"}],"curies":[{"name":"wp","href":"https:\/\/api.w.org\/{rel}","templated":true}]}}