{"id":152,"date":"2022-08-11T12:14:05","date_gmt":"2022-08-11T10:14:05","guid":{"rendered":"https:\/\/nextbike-live.pluspol-networks.de\/tusbic\/proteccion-de-datos\/"},"modified":"2023-07-18T12:40:45","modified_gmt":"2023-07-18T10:40:45","slug":"proteccion-de-datos","status":"publish","type":"page","link":"https:\/\/www.tuebici.es\/es\/proteccion-de-datos\/","title":{"rendered":"Protecci\u00f3n de Datos"},"content":{"rendered":"<div class=\"wpb-content-wrapper\"><p>[vc_row][vc_column][vc_column_text]<div class=\"ppi_privacy ppi_content\"><h1>Protecci\u00f3n de Datos<\/h1>\n<p>El Ayuntamiento de Santander y el personal que opera en \u00e9l, est\u00e1 comprometido con la protecci\u00f3n de la privacidad y el correcto uso y tratamiento de los datos facilitados por los ciudadanos y\/o Usuarios tanto de forma online mediante nuestro Portal y otros sitios Web del Ayuntamiento, como de forma presencial.<\/p>\n<p>En consecuencia, la presente Pol\u00edtica de Privacidad ser\u00e1 aplicable tanto a la informaci\u00f3n recogida directamente a trav\u00e9s de los diferentes servicios del Ayuntamiento de Santander, como a trav\u00e9s de las p\u00e1ginas Web <a href=\"https:\/\/www.santander.es\/\">https:\/\/www.santander.es\/<\/a>, <a href=\"https:\/\/www.santanderencasa.es\/\">https:\/\/www.santanderencasa.es\/<\/a>, <a href=\"https:\/\/santanderresponde-aytosantander.hub.arcgis.com\/\">https:\/\/santanderresponde-aytosantander.hub.arcgis.com\/<\/a>, <a href=\"https:\/\/www.tuebici.es\/\">https:\/\/www.tuebici.es\/<\/a> y otros portales que puedan ser creados.<\/p>\n<p>Este aviso de protecci\u00f3n de datos le informa sobre los detalles del tratamiento de sus datos y sobre sus derechos legales al respecto, de conformidad al Reglamento Europeo 2016\/679 General de Protecci\u00f3n de datos personales y la Ley Org\u00e1nica 3\/2018 de Protecci\u00f3n de datos personales y garant\u00eda de derechos digitales.<\/p>\n<p>Nos reservamos el derecho de adaptar la declaraci\u00f3n de protecci\u00f3n de datos con efecto para el futuro, en particular en el caso de un mayor desarrollo de las aplicaciones, el uso de nuevas tecnolog\u00edas o cambios en la base legal o la jurisprudencia correspondiente. Le recomendamos que lea la pol\u00edtica de privacidad de vez en cuando.<\/p>\n<p><strong>Responsable del Tratamiento<\/strong><br \/>\nEl responsable del tratamiento que se hace de sus datos es el Ayuntamiento de Santander cuyos datos identificativos y de contacto son los siguientes:<\/p>\n<p>Domicilio social: Plaza del Ayuntamiento, s\/n, 39002, Santander<br \/>\nTel\u00e9fono de contacto: <a href=\"tel:+34942200600\">+34 942 200 600<\/a><br \/>\nContacto Delegado Protecci\u00f3n de Datos (DPD): <a href=\"mailto:protecciondedatos@santander.es\">protecciondedatos@santander.es<\/a><\/p>\n<p>&nbsp;<\/p>\n<p><a class=\"borlabs-cookie-preference\" href=\"#\">Realiza ajustes individuales de protecci\u00f3n de datos.<\/a><\/p>\n<p>&nbsp;<\/p>\n<h4 class=\"ppi_download_headline\">Pol\u00edtica de Privacidad TUeBICI<\/h4><div class=\"ppi_download_row ppi_row\"><div class=\"ppi_download_col ppi_col-md-6\"><p class=\"ppi_download_desc\">Uso del sitio web - GER (PDF)<\/p><a aria-label=\"Se abre en una nueva pesta\u00f1a\" href=\"https:\/\/www.tuebici.es\/wp-content\/uploads\/sites\/73\/2023\/12\/Politica-de-Privacidad_TUeBICI.pdf\" target=\"_blank\" class=\"ppi_download_link\"><strong>Descargar<\/strong><\/a><\/div><\/div><\/div>[\/vc_column_text][\/vc_column][\/vc_row]<\/p>\n<\/div>","protected":false},"excerpt":{"rendered":"<p>[vc_row][vc_column][vc_column_text][\/vc_column_text][\/vc_column][\/vc_row]<\/p>\n","protected":false},"author":5,"featured_media":0,"parent":0,"menu_order":0,"comment_status":"closed","ping_status":"closed","template":"page-bubble.php","meta":{"_acf_changed":false,"inline_featured_image":false,"footnotes":""},"class_list":["post-152","page","type-page","status-publish","hentry"],"acf":[],"yoast_head":"<!-- This site is optimized with the Yoast SEO plugin v27.2 - https:\/\/yoast.com\/product\/yoast-seo-wordpress\/ -->\n<title>Protecci\u00f3n de Datos - TUeBICI<\/title>\n<meta name=\"robots\" content=\"index, follow, max-snippet:-1, max-image-preview:large, max-video-preview:-1\" \/>\n<link rel=\"canonical\" href=\"https:\/\/www.tuebici.es\/es\/proteccion-de-datos\/\" \/>\n<meta property=\"og:locale\" content=\"es_ES\" \/>\n<meta property=\"og:type\" content=\"article\" \/>\n<meta property=\"og:title\" content=\"Protecci\u00f3n de Datos - TUeBICI\" \/>\n<meta property=\"og:description\" content=\"[vc_row][vc_column][vc_column_text][\/vc_column_text][\/vc_column][\/vc_row]\" \/>\n<meta property=\"og:url\" content=\"https:\/\/www.tuebici.es\/es\/proteccion-de-datos\/\" \/>\n<meta property=\"og:site_name\" content=\"TUeBICI\" \/>\n<meta property=\"article:modified_time\" content=\"2023-07-18T10:40:45+00:00\" \/>\n<meta name=\"twitter:card\" content=\"summary_large_image\" \/>\n<script type=\"application\/ld+json\" class=\"yoast-schema-graph\">{\"@context\":\"https:\/\/schema.org\",\"@graph\":[{\"@type\":\"WebPage\",\"@id\":\"https:\/\/www.tuebici.es\/es\/proteccion-de-datos\/\",\"url\":\"https:\/\/www.tuebici.es\/es\/proteccion-de-datos\/\",\"name\":\"Protecci\u00f3n de Datos - TUeBICI\",\"isPartOf\":{\"@id\":\"https:\/\/www.tuebici.es\/es\/#website\"},\"datePublished\":\"2022-08-11T10:14:05+00:00\",\"dateModified\":\"2023-07-18T10:40:45+00:00\",\"breadcrumb\":{\"@id\":\"https:\/\/www.tuebici.es\/es\/proteccion-de-datos\/#breadcrumb\"},\"inLanguage\":\"es\",\"potentialAction\":[{\"@type\":\"ReadAction\",\"target\":[\"https:\/\/www.tuebici.es\/es\/proteccion-de-datos\/\"]}]},{\"@type\":\"BreadcrumbList\",\"@id\":\"https:\/\/www.tuebici.es\/es\/proteccion-de-datos\/#breadcrumb\",\"itemListElement\":[{\"@type\":\"ListItem\",\"position\":1,\"name\":\"Startseite\",\"item\":\"https:\/\/www.tuebici.es\/es\/\"},{\"@type\":\"ListItem\",\"position\":2,\"name\":\"Protecci\u00f3n de Datos\"}]},{\"@type\":\"WebSite\",\"@id\":\"https:\/\/www.tuebici.es\/es\/#website\",\"url\":\"https:\/\/www.tuebici.es\/es\/\",\"name\":\"TUeBICI\",\"description\":\"Eine weitere Nextbike Websites Website\",\"potentialAction\":[{\"@type\":\"SearchAction\",\"target\":{\"@type\":\"EntryPoint\",\"urlTemplate\":\"https:\/\/www.tuebici.es\/es\/?s={search_term_string}\"},\"query-input\":{\"@type\":\"PropertyValueSpecification\",\"valueRequired\":true,\"valueName\":\"search_term_string\"}}],\"inLanguage\":\"es\"}]}<\/script>\n<!-- \/ Yoast SEO plugin. -->","yoast_head_json":{"title":"Protecci\u00f3n de Datos - TUeBICI","robots":{"index":"index","follow":"follow","max-snippet":"max-snippet:-1","max-image-preview":"max-image-preview:large","max-video-preview":"max-video-preview:-1"},"canonical":"https:\/\/www.tuebici.es\/es\/proteccion-de-datos\/","og_locale":"es_ES","og_type":"article","og_title":"Protecci\u00f3n de Datos - TUeBICI","og_description":"[vc_row][vc_column][vc_column_text][\/vc_column_text][\/vc_column][\/vc_row]","og_url":"https:\/\/www.tuebici.es\/es\/proteccion-de-datos\/","og_site_name":"TUeBICI","article_modified_time":"2023-07-18T10:40:45+00:00","twitter_card":"summary_large_image","schema":{"@context":"https:\/\/schema.org","@graph":[{"@type":"WebPage","@id":"https:\/\/www.tuebici.es\/es\/proteccion-de-datos\/","url":"https:\/\/www.tuebici.es\/es\/proteccion-de-datos\/","name":"Protecci\u00f3n de Datos - TUeBICI","isPartOf":{"@id":"https:\/\/www.tuebici.es\/es\/#website"},"datePublished":"2022-08-11T10:14:05+00:00","dateModified":"2023-07-18T10:40:45+00:00","breadcrumb":{"@id":"https:\/\/www.tuebici.es\/es\/proteccion-de-datos\/#breadcrumb"},"inLanguage":"es","potentialAction":[{"@type":"ReadAction","target":["https:\/\/www.tuebici.es\/es\/proteccion-de-datos\/"]}]},{"@type":"BreadcrumbList","@id":"https:\/\/www.tuebici.es\/es\/proteccion-de-datos\/#breadcrumb","itemListElement":[{"@type":"ListItem","position":1,"name":"Startseite","item":"https:\/\/www.tuebici.es\/es\/"},{"@type":"ListItem","position":2,"name":"Protecci\u00f3n de Datos"}]},{"@type":"WebSite","@id":"https:\/\/www.tuebici.es\/es\/#website","url":"https:\/\/www.tuebici.es\/es\/","name":"TUeBICI","description":"Eine weitere Nextbike Websites Website","potentialAction":[{"@type":"SearchAction","target":{"@type":"EntryPoint","urlTemplate":"https:\/\/www.tuebici.es\/es\/?s={search_term_string}"},"query-input":{"@type":"PropertyValueSpecification","valueRequired":true,"valueName":"search_term_string"}}],"inLanguage":"es"}]}},"_links":{"self":[{"href":"https:\/\/www.tuebici.es\/es\/wp-json\/wp\/v2\/pages\/152","targetHints":{"allow":["GET"]}}],"collection":[{"href":"https:\/\/www.tuebici.es\/es\/wp-json\/wp\/v2\/pages"}],"about":[{"href":"https:\/\/www.tuebici.es\/es\/wp-json\/wp\/v2\/types\/page"}],"author":[{"embeddable":true,"href":"https:\/\/www.tuebici.es\/es\/wp-json\/wp\/v2\/users\/5"}],"replies":[{"embeddable":true,"href":"https:\/\/www.tuebici.es\/es\/wp-json\/wp\/v2\/comments?post=152"}],"version-history":[{"count":3,"href":"https:\/\/www.tuebici.es\/es\/wp-json\/wp\/v2\/pages\/152\/revisions"}],"predecessor-version":[{"id":155,"href":"https:\/\/www.tuebici.es\/es\/wp-json\/wp\/v2\/pages\/152\/revisions\/155"}],"wp:attachment":[{"href":"https:\/\/www.tuebici.es\/es\/wp-json\/wp\/v2\/media?parent=152"}],"curies":[{"name":"wp","href":"https:\/\/api.w.org\/{rel}","templated":true}]}}