{"id":138,"date":"2022-08-11T12:13:00","date_gmt":"2022-08-11T10:13:00","guid":{"rendered":"https:\/\/nextbike-live.pluspol-networks.de\/tusbic\/home\/"},"modified":"2023-12-18T16:31:29","modified_gmt":"2023-12-18T15:31:29","slug":"home","status":"publish","type":"page","link":"https:\/\/www.tuebici.es\/es\/","title":{"rendered":"Home"},"content":{"rendered":"<div class=\"wpb-content-wrapper\"><p>[vc_row ppi_row_padding=\u00bbppi_remove_padding_top,ppi_remove_padding_bottom\u00bb full_width=\u00bbstretch_row_content_no_spaces\u00bb el_class=\u00bbstage-row\u00bb][vc_column]<div class=\"nextbike stage\">\n                    <div class=\"stage__wrapper\">\n                        <div class=\"container\">\n                            <div class=\"stage__content\"><span class=\"h3\">\u00a1Despl\u00e1zate en bicicleta el\u00e9ctrica por Santander!<\/span><h1>Desc\u00e1rgate la app y monta en TUeBICI<\/h1><div class=\"stage__content__stores\"><a class=\"nb-appstore-btn\" aria-label=\"Apple App Store\" href=\"https:\/\/apps.apple.com\/de\/app\/nextbike\/id504288371\" target=\"_blank\" data-custom-link=\"false\"><img decoding=\"async\" width=\"200px\" height=\"59px\" alt=\"Apple App Store\" src=\"https:\/\/www.tuebici.es\/wp-content\/uploads\/2022\/07\/apple-logo.svg\" \/><\/a><a class=\"nb-appstore-btn\" aria-label=\"Google App Store\" href=\"https:\/\/play.google.com\/store\/apps\/details?id=de.nextbike\" target=\"_blank\" data-custom-link=\"false\"><img decoding=\"async\" width=\"200px\" height=\"59px\" alt=\"Google App Store\" src=\"https:\/\/www.tuebici.es\/wp-content\/uploads\/2022\/07\/google-logo.svg\" \/><\/a><a class=\"nb-appstore-btn\" aria-label=\"Huawei App Store\" href=\"https:\/\/appgallery.huawei.com\/#\/app\/C102537239\" target=\"_blank\" data-custom-link=\"false\"><img decoding=\"async\" width=\"200px\" height=\"59px\" alt=\"Huawei App Store\" src=\"https:\/\/www.tuebici.es\/wp-content\/uploads\/2022\/07\/huawei-logo.svg\" \/><\/a><\/div>\n                            <\/div>\n                        <\/div><div role=\"img\" aria-label=\"Missing alt text\" class=\"stage__parallax parallax-speed5 \" style=\"background-image: url(https:\/\/www.tuebici.es\/wp-content\/uploads\/2024\/04\/sun_background_optimized-1.svg)\"><\/div>\n                   <div role=\"img\" aria-label=\"Missing alt text\" class=\"stage__parallax parallax-speed4 \" style=\"background-image: url(https:\/\/www.tuebici.es\/wp-content\/uploads\/2023\/03\/City_background.svg)\"><\/div>\n                   <div role=\"img\" aria-label=\"\" class=\"stage__parallax parallax-speed3 \" style=\"background-image: url(https:\/\/www.tuebici.es\/wp-content\/uploads\/sites\/73\/2023\/12\/header_LAYER-3.svg)\"><\/div>\n                   <div role=\"img\" aria-label=\"\" class=\"stage__parallax parallax-speed2 \" style=\"background-image: url(https:\/\/www.tuebici.es\/wp-content\/uploads\/sites\/73\/2023\/12\/header_LAYER-2.svg)\"><\/div>\n                   <div role=\"img\" aria-label=\"\" class=\"stage__parallax parallax-speed1 \" style=\"background-image: url(https:\/\/www.tuebici.es\/wp-content\/uploads\/sites\/73\/2023\/12\/header_LAYER-1.svg)\"><\/div><\/div>\n                <\/div>[\/vc_column][\/vc_row][vc_row ppi_row_padding=\u00bbppi_remove_padding_top\u00bb][vc_column]<div class=\"nextbike mockups\"><div class=\"mockups__item\">\n    <div class=\"mockups__item__container\">\n                <div class=\"mockups__item__image mockups__item__image__left\">\n                        <div class=\"mockups__item__image__img\">\n                <img loading=\"lazy\" decoding=\"async\" width=\"768\" height=\"1026\" src=\"https:\/\/www.tuebici.es\/wp-content\/uploads\/sites\/73\/2023\/12\/links-768x1026.png\" class=\"attachment-nex-sm size-nex-sm\" alt=\"\" srcset=\"https:\/\/www.tuebici.es\/wp-content\/uploads\/sites\/73\/2023\/12\/links-768x1026.png 768w, https:\/\/www.tuebici.es\/wp-content\/uploads\/sites\/73\/2023\/12\/links-225x300.png 225w, https:\/\/www.tuebici.es\/wp-content\/uploads\/sites\/73\/2023\/12\/links-766x1024.png 766w, https:\/\/www.tuebici.es\/wp-content\/uploads\/sites\/73\/2023\/12\/links-992x1326.png 992w, https:\/\/www.tuebici.es\/wp-content\/uploads\/sites\/73\/2023\/12\/links-480x641.png 480w, https:\/\/www.tuebici.es\/wp-content\/uploads\/sites\/73\/2023\/12\/links-105x140.png 105w, https:\/\/www.tuebici.es\/wp-content\/uploads\/sites\/73\/2023\/12\/links-75x100.png 75w, https:\/\/www.tuebici.es\/wp-content\/uploads\/sites\/73\/2023\/12\/links.png 1044w\" sizes=\"auto, (max-width: 768px) 100vw, 768px\" \/>            <\/div>\n                                                            <div class=\"mockups__item__image__bg parallax\">\n                        <img loading=\"lazy\" decoding=\"async\" width=\"1\" height=\"1\" src=\"https:\/\/www.tuebici.es\/wp-content\/uploads\/sites\/73\/2023\/12\/bubble-MAP.svg\" class=\"attachment-nex-md size-nex-md\" alt=\"\" \/>                    <\/div>\n                                    <\/div>\n                        <div class=\"mockups__item__content mockups__item__content__left\">\n                        <h2 class=\"h3 mockups__item__headline\">\n                TUeBICI            <\/h2>\n                                    <p class=\"mockups__item__text\">\n                El servicio de bicicleta p\u00fablica TUeBICI permite a cualquier persona mayor de 16 a\u00f1os registrarse y disponer de una bicicleta el\u00e9ctrica para realizar sus desplazamientos urbanos.            <\/p>\n                                    <a href=\"#ventajas\" target=\"_self\" title=\"Ventajas\" class=\"mockups__item__link\" >\n                Ventajas            <\/a>\n                    <\/div>\n            <\/div>\n<\/div>\n<div class=\"mockups__item\">\n    <div class=\"mockups__item__container\">\n                <div class=\"mockups__item__image mockups__item__image__right\">\n                        <div class=\"mockups__item__image__img\">\n                <img loading=\"lazy\" decoding=\"async\" width=\"633\" height=\"827\" src=\"https:\/\/www.tuebici.es\/wp-content\/uploads\/2025\/04\/Phone-Mockup-QR-Code-Scanner.png\" class=\"attachment-nex-sm size-nex-sm\" alt=\"\" srcset=\"https:\/\/www.tuebici.es\/wp-content\/uploads\/2025\/04\/Phone-Mockup-QR-Code-Scanner.png 633w, https:\/\/www.tuebici.es\/wp-content\/uploads\/2025\/04\/Phone-Mockup-QR-Code-Scanner-230x300.png 230w, https:\/\/www.tuebici.es\/wp-content\/uploads\/2025\/04\/Phone-Mockup-QR-Code-Scanner-480x627.png 480w, https:\/\/www.tuebici.es\/wp-content\/uploads\/2025\/04\/Phone-Mockup-QR-Code-Scanner-107x140.png 107w, https:\/\/www.tuebici.es\/wp-content\/uploads\/2025\/04\/Phone-Mockup-QR-Code-Scanner-77x100.png 77w\" sizes=\"auto, (max-width: 633px) 100vw, 633px\" \/>            <\/div>\n                                                            <div class=\"mockups__item__image__bg parallax\">\n                        <img loading=\"lazy\" decoding=\"async\" width=\"1\" height=\"1\" src=\"https:\/\/www.tuebici.es\/wp-content\/uploads\/sites\/73\/2023\/12\/bubble-SCAN.svg\" class=\"attachment-nex-md size-nex-md\" alt=\"\" \/>                    <\/div>\n                                    <\/div>\n                        <div class=\"mockups__item__content mockups__item__content__right\">\n                        <h2 class=\"h3 mockups__item__headline\">\n                Alquila y devuelve            <\/h2>\n                                    <p class=\"mockups__item__text\">\n                \u00a1Simplemente desbloquea una bicicleta con la App nextbike by Tier y disfruta! Cierra el candado y el alquiler terminar\u00e1 inmediatamente.             <\/p>\n                                    <a href=\"#como-funciona\" target=\"_self\" title=\"C\u00f3mo funciona\" class=\"mockups__item__link\" >\n                C\u00f3mo funciona            <\/a>\n                    <\/div>\n            <\/div>\n<\/div>\n<div class=\"mockups__item\">\n    <div class=\"mockups__item__container\">\n                <div class=\"mockups__item__image mockups__item__image__left\">\n                        <div class=\"mockups__item__image__img\">\n                <img loading=\"lazy\" decoding=\"async\" width=\"768\" height=\"1026\" src=\"https:\/\/www.tuebici.es\/wp-content\/uploads\/sites\/73\/2023\/12\/frontal-768x1026.png\" class=\"attachment-nex-sm size-nex-sm\" alt=\"\" srcset=\"https:\/\/www.tuebici.es\/wp-content\/uploads\/sites\/73\/2023\/12\/frontal-768x1026.png 768w, https:\/\/www.tuebici.es\/wp-content\/uploads\/sites\/73\/2023\/12\/frontal-225x300.png 225w, https:\/\/www.tuebici.es\/wp-content\/uploads\/sites\/73\/2023\/12\/frontal-766x1024.png 766w, https:\/\/www.tuebici.es\/wp-content\/uploads\/sites\/73\/2023\/12\/frontal-992x1326.png 992w, https:\/\/www.tuebici.es\/wp-content\/uploads\/sites\/73\/2023\/12\/frontal-480x641.png 480w, https:\/\/www.tuebici.es\/wp-content\/uploads\/sites\/73\/2023\/12\/frontal-105x140.png 105w, https:\/\/www.tuebici.es\/wp-content\/uploads\/sites\/73\/2023\/12\/frontal-75x100.png 75w, https:\/\/www.tuebici.es\/wp-content\/uploads\/sites\/73\/2023\/12\/frontal.png 1044w\" sizes=\"auto, (max-width: 768px) 100vw, 768px\" \/>            <\/div>\n                                                            <div class=\"mockups__item__image__bg parallax\">\n                        <img loading=\"lazy\" decoding=\"async\" width=\"1\" height=\"1\" src=\"https:\/\/www.tuebici.es\/wp-content\/uploads\/sites\/73\/2023\/12\/bubble-APP.svg\" class=\"attachment-nex-md size-nex-md\" alt=\"\" \/>                    <\/div>\n                                    <\/div>\n                        <div class=\"mockups__item__content mockups__item__content__left\">\n                        <h2 class=\"h3 mockups__item__headline\">\n                Barato y sostenible            <\/h2>\n                                    <p class=\"mockups__item__text\">\n                Encuentra la tarifa que m\u00e1s te convenga.            <\/p>\n                                    <a href=\"#tarifas\" target=\"_self\" title=\"Nuestras tarifas\" class=\"mockups__item__link\" >\n                Nuestras tarifas            <\/a>\n                    <\/div>\n            <\/div>\n<\/div>\n<\/div>[\/vc_column][\/vc_row][vc_row ppi_row_type=\u00bbppi_bg_grey\u00bb full_width=\u00bbstretch_row\u00bb el_id=\u00bbcomo-funciona\u00bb][vc_column]<div class=\"nextbike how-its-done\">\n    <h2>C\u00f3mo funciona<\/h2>\n\n\n\n<div class=\"how-its-done__container\">\n                        <div class=\"how-its-done__ctab how-its-done__ctab__tab1 how-its-done__ctab__current\" data-ctab=\"tab1\">\n                <div class=\"how-its-done__image\">\n                    <img loading=\"lazy\" decoding=\"async\" width=\"1\" height=\"1\" src=\"https:\/\/www.tuebici.es\/wp-content\/uploads\/sites\/73\/2023\/12\/Framelock.svg\" class=\"attachment-nex-md size-nex-md\" alt=\"\" \/>                <\/div>\n                <div class=\"how-its-done__content\">\n                                            <h3 class=\"h5\">REGISTRO<\/h3>\n                                                                <p>La inscripci\u00f3n es gratuita. Para validar tu medio de pago, deber\u00e1s depositar un cr\u00e9dito de 1\u20ac, que podr\u00e1 utilizarse en cualquier momento.<\/p>\n                                                                <h3 class=\"h5\">ALQUILER<\/h3>\n                                                                <p>Simplemente escanea el c\u00f3digo QR de la bicicleta con la App nextbike by Tier y el candado de desbloquear\u00e1 autom\u00e1ticamente.<\/p>\n                                                                <h3 class=\"h5\">MODO PARKING<\/h3>\n                                                                <p>Primero activa el modo pausa en la App y luego cierra el candado en el marco. Cuando desactives el modo pausa desde la App, el candado se desbloquear\u00e1 autom\u00e1ticamente.<\/p>\n                                                                <h3 class=\"h5\">DEVOLUCI\u00d3N<\/h3>\n                                                                <p>Devuelve tu bicicleta en una estaci\u00f3n oficial y cierra el candado. El alquiler finalizar\u00e1 autom\u00e1ticamente. Si devuelves la bicicleta fuera de una estaci\u00f3n, podr\u00eda aplicarse un cargo por servicio.<\/p>\n                                    <\/div>\n            <\/div>\n                                                            <\/div>\n<\/div>[\/vc_column][\/vc_row][vc_row el_id=\u00bbtarifas\u00bb][vc_column]<div class=\"nextbike tariffs\"><h2>Tarifas<\/h2><div class=\"tariffs__text\"><p><p style=\"text-align: left\">La duraci\u00f3n m\u00e1xima de cada alquiler ser\u00e1 de 2 horas. No hay l\u00edmite m\u00e1ximo de alquileres diarios. Entre dos usos consecutivos, debe transcurrir un periodo de 10 minutos, durante el cual el usuario no podr\u00e1 realizar un alquiler en ninguna estaci\u00f3n del sistema.<\/p>\n<div><\/div>\n<div><\/div><\/div><div class=\"tariffs__tabs \"><a role=\"button\" href=\"#\" class=\"tariffs__tab tariffs__tab__current\" data-tab=\"Tarifa Base\">Tarifa Base<\/a><a role=\"button\" href=\"#\" class=\"tariffs__tab \" data-tab=\"Abonados\">Abonados<\/a><\/div><div class=\"tariffs__contents\"><div class=\"tariffs__content  tariffs__content__current\" data-content=\"Tarifa Base\"><div class=\"tariffs__content__card\">\n    <span class=\"h5\" role=\"heading\">para usuarios ocasionales<\/span>\n    <h3 class=\"h2\">Ocasional<\/h3>\n    <h4 class=\"h3\">1.30 \u20ac\/30 min<\/h4>\n    <p><p>1.60 \u20ac \/ minuto 31&#8242; <em><strong>\u2013<\/strong><\/em> 60&#8242;<\/p>\n<p>1.90 \u20ac \/ cada 30 minutos adicionales<\/p>\n<\/p>\n<\/div>\n<\/div><div class=\"tariffs__content  \" data-content=\"Abonados\"><div class=\"tariffs__content__card\">\n    <span class=\"h5\" role=\"heading\">PARA CONDUCTORES FRECUENTES<\/span>\n    <h3 class=\"h2\">Mensual<\/h3>\n    <h4 class=\"h3\">7 \u20ac \/ mes<\/h4>\n    <p><p>0.32 \u20ac \/ primeros 30 minutos<\/p>\n<p>0.65 \u20ac \/ minuto 31&#8242; \u2013 60<\/p>\n<p>1 \u20ac \/ cada 30 minutos adicionales<\/p>\n<\/p>\n<\/div>\n<div class=\"tariffs__content__card\">\n    <span class=\"h5\" role=\"heading\">para verdaderos entusiastas<\/span>\n    <h3 class=\"h2\">Anual<\/h3>\n    <h4 class=\"h3\">36 \u20ac \/ a\u00f1o<\/h4>\n    <p><p>0.32 \u20ac \/ primeros 30 minutos<\/p>\n<p>0.65 \u20ac \/ minuto 31&#8242; \u2013 60<\/p>\n<p>1 \u20ac \/ cada 30 minutos adicionales<\/p>\n<\/p>\n<\/div>\n<\/div><\/div><\/div>[\/vc_column][\/vc_row][vc_row full_width=\u00bbstretch_row_content_no_spaces\u00bb disable_element=\u00bbyes\u00bb][vc_column]<div class=\"nextbike cites\"><div class=\"container\"><p>La opini\u00f3n de los dem\u00e1s<\/p><p>\u2014<\/p><div class=\"cites__container cites-slider\"><div class=\"cites__slide\">\n    <div class=\"cites__slide__cite\">ES: Funktioniert wunderbar. Fahrtpausen sind auch kein Problem. Habe ich bei anderen Anbietern schon anders erlebt. \ud83d\udc4d\r\n<\/div>\n    <div class=\"cites__slide__author\">\n        <div class=\"cites__slide__author__name\">Johannes<\/div>\n        <div class=\"cites__slide__author__platform\">ES: Android Nutzer<\/div>\n    <\/div>\n<\/div>\n<div class=\"cites__slide\">\n    <div class=\"cites__slide__cite\">ES: Hab die App f\u00fcr mich entdeckt als ich f\u00fcrs Studium vom Land in die Stadt gezogen bin und mein Fahrrad nicht mitnehmen konnte. Es ist einfach schnell und unkompliziert, noch besser als ich dachte. Geile Idee!<\/div>\n    <div class=\"cites__slide__author\">\n        <div class=\"cites__slide__author__name\">Kimmy<\/div>\n        <div class=\"cites__slide__author__platform\">ES: iOS Nutzerin<\/div>\n    <\/div>\n<\/div>\n<div class=\"cites__slide\">\n    <div class=\"cites__slide__cite\">ES: Funktioniert hier in Innsbruck perfekt! \ud83d\udc4c\ud83c\udffb\ud83d\udc4d\ud83c\udffb Bin sowas von zufrieden. Auch mein Fehler bei der R\u00fcckgabe (Stammkunde) wurde ohne gro\u00dfe Diskussion soeben richtig gestellt. Sehr freundlicher Kundenservice - Preis super - Alles Top - weiter so und vielen Dank!<\/div>\n    <div class=\"cites__slide__author\">\n        <div class=\"cites__slide__author__name\">Renate<\/div>\n        <div class=\"cites__slide__author__platform\">ES: Android Nutzerin<\/div>\n    <\/div>\n<\/div>\n<div class=\"cites__slide\">\n    <div class=\"cites__slide__cite\">ES: Die ungebundene Mobilit\u00e4t in der Stadt ist spitze. Somit hat man immer einen Anschluss an die Bahn oder Bus f\u00fcr die letzten Meter.<\/div>\n    <div class=\"cites__slide__author\">\n        <div class=\"cites__slide__author__name\">Tim<\/div>\n        <div class=\"cites__slide__author__platform\">ES: iOS Nutzer<\/div>\n    <\/div>\n<\/div>\n<\/div>\n                                <\/div>\n                            <\/div>[\/vc_column][\/vc_row][vc_row ppi_row_padding=\u00bbppi_remove_padding_bottom\u00bb full_width=\u00bbstretch_row_content_no_spaces\u00bb el_id=\u00bbventajas\u00bb][vc_column]<div class=\"nextbike slider\">\n            <div class=\"slider__black\">\n            <h2 class=\"h1\">Descubre Santander en bicicleta el\u00e9ctrica<\/h2>\n        <\/div>\n        <div class=\"full-width-slider\">\n                        <div class=\"slider__slide center\">\n                    <img loading=\"lazy\" decoding=\"async\" width=\"1920\" height=\"1280\" src=\"https:\/\/www.tuebici.es\/wp-content\/uploads\/sites\/73\/2023\/12\/e_smartbike_2.0_Bruna_tuebici_web2-1920x1280.jpg\" class=\"attachment-nex-max size-nex-max wp-post-image\" alt=\"\" srcset=\"https:\/\/www.tuebici.es\/wp-content\/uploads\/sites\/73\/2023\/12\/e_smartbike_2.0_Bruna_tuebici_web2-1920x1280.jpg 1920w, https:\/\/www.tuebici.es\/wp-content\/uploads\/sites\/73\/2023\/12\/e_smartbike_2.0_Bruna_tuebici_web2-300x200.jpg 300w, https:\/\/www.tuebici.es\/wp-content\/uploads\/sites\/73\/2023\/12\/e_smartbike_2.0_Bruna_tuebici_web2-1024x683.jpg 1024w, https:\/\/www.tuebici.es\/wp-content\/uploads\/sites\/73\/2023\/12\/e_smartbike_2.0_Bruna_tuebici_web2-768x512.jpg 768w, https:\/\/www.tuebici.es\/wp-content\/uploads\/sites\/73\/2023\/12\/e_smartbike_2.0_Bruna_tuebici_web2-1200x800.jpg 1200w, https:\/\/www.tuebici.es\/wp-content\/uploads\/sites\/73\/2023\/12\/e_smartbike_2.0_Bruna_tuebici_web2-992x661.jpg 992w, https:\/\/www.tuebici.es\/wp-content\/uploads\/sites\/73\/2023\/12\/e_smartbike_2.0_Bruna_tuebici_web2-480x320.jpg 480w, https:\/\/www.tuebici.es\/wp-content\/uploads\/sites\/73\/2023\/12\/e_smartbike_2.0_Bruna_tuebici_web2-210x140.jpg 210w, https:\/\/www.tuebici.es\/wp-content\/uploads\/sites\/73\/2023\/12\/e_smartbike_2.0_Bruna_tuebici_web2-150x100.jpg 150w\" sizes=\"auto, (max-width: 1920px) 100vw, 1920px\" \/>                                            <div class=\"slider__slide__overlay\" style=\"background-color: rgba(0,0,0,0.31);\"><\/div>\n                                        <div class=\"slider__slide__inner container\">\n                        <h3 class=\"h2\">Mu\u00e9vete con TUeBICI<\/h3>                        <h4 class=\"h3\">Despl\u00e1zate de forma sostenible y asequible.<\/h4>                                            <\/div>\n                <\/div>\n                <\/div>\n<\/div>\n[\/vc_column][\/vc_row]<\/p>\n<\/div>","protected":false},"excerpt":{"rendered":"<p>[vc_row ppi_row_padding=\u00bbppi_remove_padding_top,ppi_remove_padding_bottom\u00bb full_width=\u00bbstretch_row_content_no_spaces\u00bb el_class=\u00bbstage-row\u00bb][vc_column][\/vc_column][\/vc_row][vc_row ppi_row_padding=\u00bbppi_remove_padding_top\u00bb][vc_column][\/vc_column][\/vc_row][vc_row ppi_row_type=\u00bbppi_bg_grey\u00bb full_width=\u00bbstretch_row\u00bb el_id=\u00bbcomo-funciona\u00bb][vc_column][\/vc_column][\/vc_row][vc_row el_id=\u00bbtarifas\u00bb][vc_column][\/vc_column][\/vc_row][vc_row full_width=\u00bbstretch_row_content_no_spaces\u00bb disable_element=\u00bbyes\u00bb][vc_column][\/vc_column][\/vc_row][vc_row ppi_row_padding=\u00bbppi_remove_padding_bottom\u00bb full_width=\u00bbstretch_row_content_no_spaces\u00bb el_id=\u00bbventajas\u00bb][vc_column][\/vc_column][\/vc_row]<\/p>\n","protected":false},"author":5,"featured_media":0,"parent":0,"menu_order":0,"comment_status":"closed","ping_status":"closed","template":"","meta":{"_acf_changed":false,"inline_featured_image":false,"footnotes":""},"class_list":["post-138","page","type-page","status-publish","hentry"],"acf":[],"yoast_head":"<!-- This site is optimized with the Yoast SEO plugin v27.2 - https:\/\/yoast.com\/product\/yoast-seo-wordpress\/ -->\n<title>Ebike sharing en Santander | TUeBICI<\/title>\n<meta name=\"description\" content=\"Comparte la bici f\u00e1cilmente, no importa si es para 30 minutos o para todo un d\u00eda. La pr\u00f3xima bicicleta est\u00e1 a la vuelta de la esquina. Inscr\u00edbete ahora.\" \/>\n<meta name=\"robots\" content=\"index, follow, max-snippet:-1, max-image-preview:large, max-video-preview:-1\" \/>\n<link rel=\"canonical\" href=\"https:\/\/www.tuebici.es\/es\/\" \/>\n<meta property=\"og:locale\" content=\"es_ES\" \/>\n<meta property=\"og:type\" content=\"article\" \/>\n<meta property=\"og:title\" content=\"Ebike sharing en Santander | TUeBICI\" \/>\n<meta property=\"og:description\" content=\"Comparte la bici f\u00e1cilmente, no importa si es para 30 minutos o para todo un d\u00eda. La pr\u00f3xima bicicleta est\u00e1 a la vuelta de la esquina. Inscr\u00edbete ahora.\" \/>\n<meta property=\"og:url\" content=\"https:\/\/www.tuebici.es\/es\/\" \/>\n<meta property=\"og:site_name\" content=\"TUeBICI\" \/>\n<meta property=\"article:modified_time\" content=\"2023-12-18T15:31:29+00:00\" \/>\n<meta name=\"twitter:card\" content=\"summary_large_image\" \/>\n<meta name=\"twitter:label1\" content=\"Tiempo de lectura\" \/>\n\t<meta name=\"twitter:data1\" content=\"1 minuto\" \/>\n<script type=\"application\/ld+json\" class=\"yoast-schema-graph\">{\"@context\":\"https:\/\/schema.org\",\"@graph\":[{\"@type\":\"WebPage\",\"@id\":\"https:\/\/www.tuebici.es\/es\/\",\"url\":\"https:\/\/www.tuebici.es\/es\/\",\"name\":\"Ebike sharing en Santander | TUeBICI\",\"isPartOf\":{\"@id\":\"https:\/\/www.tuebici.es\/es\/#website\"},\"datePublished\":\"2022-08-11T10:13:00+00:00\",\"dateModified\":\"2023-12-18T15:31:29+00:00\",\"description\":\"Comparte la bici f\u00e1cilmente, no importa si es para 30 minutos o para todo un d\u00eda. La pr\u00f3xima bicicleta est\u00e1 a la vuelta de la esquina. Inscr\u00edbete ahora.\",\"breadcrumb\":{\"@id\":\"https:\/\/www.tuebici.es\/es\/#breadcrumb\"},\"inLanguage\":\"es\",\"potentialAction\":[{\"@type\":\"ReadAction\",\"target\":[\"https:\/\/www.tuebici.es\/es\/\"]}]},{\"@type\":\"BreadcrumbList\",\"@id\":\"https:\/\/www.tuebici.es\/es\/#breadcrumb\",\"itemListElement\":[{\"@type\":\"ListItem\",\"position\":1,\"name\":\"Startseite\",\"item\":\"https:\/\/www.tuebici.es\/es\/\"},{\"@type\":\"ListItem\",\"position\":2,\"name\":\"Home\"}]},{\"@type\":\"WebSite\",\"@id\":\"https:\/\/www.tuebici.es\/es\/#website\",\"url\":\"https:\/\/www.tuebici.es\/es\/\",\"name\":\"TUeBICI\",\"description\":\"Eine weitere Nextbike Websites Website\",\"potentialAction\":[{\"@type\":\"SearchAction\",\"target\":{\"@type\":\"EntryPoint\",\"urlTemplate\":\"https:\/\/www.tuebici.es\/es\/?s={search_term_string}\"},\"query-input\":{\"@type\":\"PropertyValueSpecification\",\"valueRequired\":true,\"valueName\":\"search_term_string\"}}],\"inLanguage\":\"es\"}]}<\/script>\n<!-- \/ Yoast SEO plugin. -->","yoast_head_json":{"title":"Ebike sharing en Santander | TUeBICI","description":"Comparte la bici f\u00e1cilmente, no importa si es para 30 minutos o para todo un d\u00eda. La pr\u00f3xima bicicleta est\u00e1 a la vuelta de la esquina. Inscr\u00edbete ahora.","robots":{"index":"index","follow":"follow","max-snippet":"max-snippet:-1","max-image-preview":"max-image-preview:large","max-video-preview":"max-video-preview:-1"},"canonical":"https:\/\/www.tuebici.es\/es\/","og_locale":"es_ES","og_type":"article","og_title":"Ebike sharing en Santander | TUeBICI","og_description":"Comparte la bici f\u00e1cilmente, no importa si es para 30 minutos o para todo un d\u00eda. La pr\u00f3xima bicicleta est\u00e1 a la vuelta de la esquina. Inscr\u00edbete ahora.","og_url":"https:\/\/www.tuebici.es\/es\/","og_site_name":"TUeBICI","article_modified_time":"2023-12-18T15:31:29+00:00","twitter_card":"summary_large_image","twitter_misc":{"Tiempo de lectura":"1 minuto"},"schema":{"@context":"https:\/\/schema.org","@graph":[{"@type":"WebPage","@id":"https:\/\/www.tuebici.es\/es\/","url":"https:\/\/www.tuebici.es\/es\/","name":"Ebike sharing en Santander | TUeBICI","isPartOf":{"@id":"https:\/\/www.tuebici.es\/es\/#website"},"datePublished":"2022-08-11T10:13:00+00:00","dateModified":"2023-12-18T15:31:29+00:00","description":"Comparte la bici f\u00e1cilmente, no importa si es para 30 minutos o para todo un d\u00eda. La pr\u00f3xima bicicleta est\u00e1 a la vuelta de la esquina. Inscr\u00edbete ahora.","breadcrumb":{"@id":"https:\/\/www.tuebici.es\/es\/#breadcrumb"},"inLanguage":"es","potentialAction":[{"@type":"ReadAction","target":["https:\/\/www.tuebici.es\/es\/"]}]},{"@type":"BreadcrumbList","@id":"https:\/\/www.tuebici.es\/es\/#breadcrumb","itemListElement":[{"@type":"ListItem","position":1,"name":"Startseite","item":"https:\/\/www.tuebici.es\/es\/"},{"@type":"ListItem","position":2,"name":"Home"}]},{"@type":"WebSite","@id":"https:\/\/www.tuebici.es\/es\/#website","url":"https:\/\/www.tuebici.es\/es\/","name":"TUeBICI","description":"Eine weitere Nextbike Websites Website","potentialAction":[{"@type":"SearchAction","target":{"@type":"EntryPoint","urlTemplate":"https:\/\/www.tuebici.es\/es\/?s={search_term_string}"},"query-input":{"@type":"PropertyValueSpecification","valueRequired":true,"valueName":"search_term_string"}}],"inLanguage":"es"}]}},"_links":{"self":[{"href":"https:\/\/www.tuebici.es\/es\/wp-json\/wp\/v2\/pages\/138","targetHints":{"allow":["GET"]}}],"collection":[{"href":"https:\/\/www.tuebici.es\/es\/wp-json\/wp\/v2\/pages"}],"about":[{"href":"https:\/\/www.tuebici.es\/es\/wp-json\/wp\/v2\/types\/page"}],"author":[{"embeddable":true,"href":"https:\/\/www.tuebici.es\/es\/wp-json\/wp\/v2\/users\/5"}],"replies":[{"embeddable":true,"href":"https:\/\/www.tuebici.es\/es\/wp-json\/wp\/v2\/comments?post=138"}],"version-history":[{"count":7,"href":"https:\/\/www.tuebici.es\/es\/wp-json\/wp\/v2\/pages\/138\/revisions"}],"predecessor-version":[{"id":451,"href":"https:\/\/www.tuebici.es\/es\/wp-json\/wp\/v2\/pages\/138\/revisions\/451"}],"wp:attachment":[{"href":"https:\/\/www.tuebici.es\/es\/wp-json\/wp\/v2\/media?parent=138"}],"curies":[{"name":"wp","href":"https:\/\/api.w.org\/{rel}","templated":true}]}}